{"id":3311,"date":"2016-10-18T13:17:03","date_gmt":"2016-10-18T11:17:03","guid":{"rendered":"https:\/\/www.piescomodos.com\/producto\/kimas-oil-for-massage\/"},"modified":"2022-09-21T02:04:02","modified_gmt":"2022-09-21T00:04:02","slug":"kimas-oil-for-massage","status":"publish","type":"product","link":"https:\/\/piescomodos.com\/en\/creams-and-sprays\/kimas-oil-for-massage","title":{"rendered":"KIMAS &#8211; Oil for massage"},"content":{"rendered":"<p><b>Features:<\/b><\/p>\n<ul>\n<li>Favors the working muscle and protects the skin, creating a protective layer.<\/li>\n<li>Non-greasy texture and fast penetration.<\/li>\n<\/ul>\n<p><strong><span>Advantages of the brand Akile\u00efne:<\/span><\/strong><span> <\/span><\/p>\n<ul>\n<li>it is a mark of quality,<\/li>\n<li>recognized in the pharmacies of France,<\/li>\n<li>recommended by podiatrists worldwide and<\/li>\n<li>developed by the pharmaceutical Asepta Monaco.<\/li>\n<\/ul>\n<p><strong><span>Use:<\/span><\/strong><span> Before and after the sports practice.<\/span><\/p>\n<\/p>\n<p><strong><span>How to use:<\/span><\/strong><span> BEFORE: Apply with a light massage <span>toning the muscles that require it. <\/span><\/span><\/p>\n<p><span><span>AFTER: Apply using a relaxing massage <strong>deeper<\/strong> for descontracturar muscles. <\/span><\/span><\/p>\n<p><span><span>(Repeat the application the next day if necessary.)<\/span><\/span><\/p>\n<\/p>\n<p><span><strong>Main active ingredients:<\/strong> Oil of Grape Seeds &#8211; Arnica &#8211; Menthol &#8211; Glycerin<\/span><\/p>\n<\/p>\n<p><strong><span>Capacity: <\/span><\/strong>200<span>ml<\/span><\/p>\n<\/p>\n<p><strong><span>Country of origin:<\/span><\/strong><span> Monaco (Laboratories ASEPTA)<\/span><\/p>\n","protected":false},"excerpt":{"rendered":"<p><span>Oil for massage-rich in arnica for <strong>before and after sports<\/strong>. <\/span><\/p>\n<p><span>First <strong>it prepares the muscles<\/strong> for physical exertion, decreasing the feeling of muscle stiffness. <\/span>Then, <strong>it optimizes the recovery<\/strong> of sporting, strongly reduces the feeling of muscular fatigue and soothes the soreness.<\/p>\n<p><span>For athletes who wish to recover quickly, and\/or take up a sporting activity.<\/span><\/p>\n","protected":false},"featured_media":5308,"comment_status":"open","ping_status":"closed","template":"","meta":{"_et_pb_use_builder":"","_et_pb_old_content":"","_et_gb_content_width":"","_joinchat":[]},"product_brand":[],"product_cat":[999,996,1029],"product_tag":[1193],"class_list":{"0":"post-3311","1":"product","2":"type-product","3":"status-publish","4":"has-post-thumbnail","6":"product_cat-akileine-foot-creams","7":"product_cat-creams-and-sprays","8":"product_cat-sport-range","9":"product_tag-camino-de-santiago-en","11":"first","12":"instock","13":"taxable","14":"shipping-taxable","15":"purchasable","16":"product-type-simple"},"yoast_head":"<!-- This site is optimized with the Yoast SEO plugin v27.3 - https:\/\/yoast.com\/product\/yoast-seo-wordpress\/ -->\n<title>Kimas massage oil with arnica - Akile\u00efne sport<\/title>\n<meta name=\"description\" content=\"Massage oil with arnica, before and after the sport. Prepares the muscles for the physical effort. Optimize the recovery in sports and soothes the soreness.\" \/>\n<meta name=\"robots\" content=\"index, follow, max-snippet:-1, max-image-preview:large, max-video-preview:-1\" \/>\n<link rel=\"canonical\" href=\"https:\/\/piescomodos.com\/en\/creams-and-sprays\/kimas-oil-for-massage\" \/>\n<meta property=\"og:locale\" content=\"en_US\" \/>\n<meta property=\"og:type\" content=\"article\" \/>\n<meta property=\"og:title\" content=\"Kimas massage oil with arnica - Akile\u00efne sport\" \/>\n<meta property=\"og:description\" content=\"Massage oil with arnica, before and after the sport. Prepares the muscles for the physical effort. Optimize the recovery in sports and soothes the soreness.\" \/>\n<meta property=\"og:url\" content=\"https:\/\/piescomodos.com\/en\/creams-and-sprays\/kimas-oil-for-massage\" \/>\n<meta property=\"og:site_name\" content=\"PiesComodos\" \/>\n<meta property=\"article:modified_time\" content=\"2022-09-21T00:04:02+00:00\" \/>\n<meta property=\"og:image\" content=\"https:\/\/piescomodos.com\/wp-content\/uploads\/2016\/10\/Kimas-Aceite-con-arnica-descontracturar-musculos-antes-y-despues-del-deporte-Akileine-Sports-PiesComodos.png\" \/>\n\t<meta property=\"og:image:width\" content=\"800\" \/>\n\t<meta property=\"og:image:height\" content=\"800\" \/>\n\t<meta property=\"og:image:type\" content=\"image\/png\" \/>\n<meta name=\"twitter:card\" content=\"summary_large_image\" \/>\n<script type=\"application\/ld+json\" class=\"yoast-schema-graph\">{\"@context\":\"https:\\\/\\\/schema.org\",\"@graph\":[{\"@type\":[\"WebPage\",\"ItemPage\"],\"@id\":\"https:\\\/\\\/piescomodos.com\\\/en\\\/creams-and-sprays\\\/kimas-oil-for-massage\",\"url\":\"https:\\\/\\\/piescomodos.com\\\/en\\\/creams-and-sprays\\\/kimas-oil-for-massage\",\"name\":\"Kimas massage oil with arnica - Akile\u00efne sport\",\"isPartOf\":{\"@id\":\"https:\\\/\\\/piescomodos.com\\\/en\\\/#website\"},\"primaryImageOfPage\":{\"@id\":\"https:\\\/\\\/piescomodos.com\\\/en\\\/creams-and-sprays\\\/kimas-oil-for-massage#primaryimage\"},\"image\":{\"@id\":\"https:\\\/\\\/piescomodos.com\\\/en\\\/creams-and-sprays\\\/kimas-oil-for-massage#primaryimage\"},\"thumbnailUrl\":\"https:\\\/\\\/piescomodos.com\\\/wp-content\\\/uploads\\\/2016\\\/10\\\/Kimas-Aceite-con-arnica-descontracturar-musculos-antes-y-despues-del-deporte-Akileine-Sports-PiesComodos.png\",\"datePublished\":\"2016-10-18T11:17:03+00:00\",\"dateModified\":\"2022-09-21T00:04:02+00:00\",\"description\":\"Massage oil with arnica, before and after the sport. Prepares the muscles for the physical effort. Optimize the recovery in sports and soothes the soreness.\",\"breadcrumb\":{\"@id\":\"https:\\\/\\\/piescomodos.com\\\/en\\\/creams-and-sprays\\\/kimas-oil-for-massage#breadcrumb\"},\"inLanguage\":\"en-US\",\"potentialAction\":[{\"@type\":\"ReadAction\",\"target\":[\"https:\\\/\\\/piescomodos.com\\\/en\\\/creams-and-sprays\\\/kimas-oil-for-massage\"]}]},{\"@type\":\"ImageObject\",\"inLanguage\":\"en-US\",\"@id\":\"https:\\\/\\\/piescomodos.com\\\/en\\\/creams-and-sprays\\\/kimas-oil-for-massage#primaryimage\",\"url\":\"https:\\\/\\\/piescomodos.com\\\/wp-content\\\/uploads\\\/2016\\\/10\\\/Kimas-Aceite-con-arnica-descontracturar-musculos-antes-y-despues-del-deporte-Akileine-Sports-PiesComodos.png\",\"contentUrl\":\"https:\\\/\\\/piescomodos.com\\\/wp-content\\\/uploads\\\/2016\\\/10\\\/Kimas-Aceite-con-arnica-descontracturar-musculos-antes-y-despues-del-deporte-Akileine-Sports-PiesComodos.png\",\"width\":800,\"height\":800,\"caption\":\"Kimas Aceite con \u00e1rnica descontracturar m\u00fasculos antes y despu\u00e9s del deporte Akile\u00efne Sports PiesComodos\"},{\"@type\":\"BreadcrumbList\",\"@id\":\"https:\\\/\\\/piescomodos.com\\\/en\\\/creams-and-sprays\\\/kimas-oil-for-massage#breadcrumb\",\"itemListElement\":[{\"@type\":\"ListItem\",\"position\":1,\"name\":\"PiesC\u00f3modos\",\"item\":\"https:\\\/\\\/piescomodos.com\\\/en\"},{\"@type\":\"ListItem\",\"position\":2,\"name\":\"Creams and sprays\",\"item\":\"https:\\\/\\\/piescomodos.com\\\/en\\\/creams-and-sprays\"},{\"@type\":\"ListItem\",\"position\":3,\"name\":\"KIMAS &#8211; Oil for massage\"}]},{\"@type\":\"WebSite\",\"@id\":\"https:\\\/\\\/piescomodos.com\\\/en\\\/#website\",\"url\":\"https:\\\/\\\/piescomodos.com\\\/en\\\/\",\"name\":\"PiesComodos\",\"description\":\"Tienda online de calcetines y complementos.\",\"publisher\":{\"@id\":\"https:\\\/\\\/piescomodos.com\\\/en\\\/#organization\"},\"potentialAction\":[{\"@type\":\"SearchAction\",\"target\":{\"@type\":\"EntryPoint\",\"urlTemplate\":\"https:\\\/\\\/piescomodos.com\\\/en\\\/?s={search_term_string}\"},\"query-input\":{\"@type\":\"PropertyValueSpecification\",\"valueRequired\":true,\"valueName\":\"search_term_string\"}}],\"inLanguage\":\"en-US\"},{\"@type\":\"Organization\",\"@id\":\"https:\\\/\\\/piescomodos.com\\\/en\\\/#organization\",\"name\":\"Pies C\u00f3modos\",\"url\":\"https:\\\/\\\/piescomodos.com\\\/en\\\/\",\"logo\":{\"@type\":\"ImageObject\",\"inLanguage\":\"en-US\",\"@id\":\"https:\\\/\\\/piescomodos.com\\\/en\\\/#\\\/schema\\\/logo\\\/image\\\/\",\"url\":\"https:\\\/\\\/piescomodos.com\\\/wp-content\\\/uploads\\\/2021\\\/02\\\/cropped-piescomodos-logoweb.png\",\"contentUrl\":\"https:\\\/\\\/piescomodos.com\\\/wp-content\\\/uploads\\\/2021\\\/02\\\/cropped-piescomodos-logoweb.png\",\"width\":195,\"height\":39,\"caption\":\"Pies C\u00f3modos\"},\"image\":{\"@id\":\"https:\\\/\\\/piescomodos.com\\\/en\\\/#\\\/schema\\\/logo\\\/image\\\/\"}}]}<\/script>\n<!-- \/ Yoast SEO plugin. -->","yoast_head_json":{"title":"Kimas massage oil with arnica - Akile\u00efne sport","description":"Massage oil with arnica, before and after the sport. Prepares the muscles for the physical effort. Optimize the recovery in sports and soothes the soreness.","robots":{"index":"index","follow":"follow","max-snippet":"max-snippet:-1","max-image-preview":"max-image-preview:large","max-video-preview":"max-video-preview:-1"},"canonical":"https:\/\/piescomodos.com\/en\/creams-and-sprays\/kimas-oil-for-massage","og_locale":"en_US","og_type":"article","og_title":"Kimas massage oil with arnica - Akile\u00efne sport","og_description":"Massage oil with arnica, before and after the sport. Prepares the muscles for the physical effort. Optimize the recovery in sports and soothes the soreness.","og_url":"https:\/\/piescomodos.com\/en\/creams-and-sprays\/kimas-oil-for-massage","og_site_name":"PiesComodos","article_modified_time":"2022-09-21T00:04:02+00:00","og_image":[{"width":800,"height":800,"url":"https:\/\/piescomodos.com\/wp-content\/uploads\/2016\/10\/Kimas-Aceite-con-arnica-descontracturar-musculos-antes-y-despues-del-deporte-Akileine-Sports-PiesComodos.png","type":"image\/png"}],"twitter_card":"summary_large_image","schema":{"@context":"https:\/\/schema.org","@graph":[{"@type":["WebPage","ItemPage"],"@id":"https:\/\/piescomodos.com\/en\/creams-and-sprays\/kimas-oil-for-massage","url":"https:\/\/piescomodos.com\/en\/creams-and-sprays\/kimas-oil-for-massage","name":"Kimas massage oil with arnica - Akile\u00efne sport","isPartOf":{"@id":"https:\/\/piescomodos.com\/en\/#website"},"primaryImageOfPage":{"@id":"https:\/\/piescomodos.com\/en\/creams-and-sprays\/kimas-oil-for-massage#primaryimage"},"image":{"@id":"https:\/\/piescomodos.com\/en\/creams-and-sprays\/kimas-oil-for-massage#primaryimage"},"thumbnailUrl":"https:\/\/piescomodos.com\/wp-content\/uploads\/2016\/10\/Kimas-Aceite-con-arnica-descontracturar-musculos-antes-y-despues-del-deporte-Akileine-Sports-PiesComodos.png","datePublished":"2016-10-18T11:17:03+00:00","dateModified":"2022-09-21T00:04:02+00:00","description":"Massage oil with arnica, before and after the sport. Prepares the muscles for the physical effort. Optimize the recovery in sports and soothes the soreness.","breadcrumb":{"@id":"https:\/\/piescomodos.com\/en\/creams-and-sprays\/kimas-oil-for-massage#breadcrumb"},"inLanguage":"en-US","potentialAction":[{"@type":"ReadAction","target":["https:\/\/piescomodos.com\/en\/creams-and-sprays\/kimas-oil-for-massage"]}]},{"@type":"ImageObject","inLanguage":"en-US","@id":"https:\/\/piescomodos.com\/en\/creams-and-sprays\/kimas-oil-for-massage#primaryimage","url":"https:\/\/piescomodos.com\/wp-content\/uploads\/2016\/10\/Kimas-Aceite-con-arnica-descontracturar-musculos-antes-y-despues-del-deporte-Akileine-Sports-PiesComodos.png","contentUrl":"https:\/\/piescomodos.com\/wp-content\/uploads\/2016\/10\/Kimas-Aceite-con-arnica-descontracturar-musculos-antes-y-despues-del-deporte-Akileine-Sports-PiesComodos.png","width":800,"height":800,"caption":"Kimas Aceite con \u00e1rnica descontracturar m\u00fasculos antes y despu\u00e9s del deporte Akile\u00efne Sports PiesComodos"},{"@type":"BreadcrumbList","@id":"https:\/\/piescomodos.com\/en\/creams-and-sprays\/kimas-oil-for-massage#breadcrumb","itemListElement":[{"@type":"ListItem","position":1,"name":"PiesC\u00f3modos","item":"https:\/\/piescomodos.com\/en"},{"@type":"ListItem","position":2,"name":"Creams and sprays","item":"https:\/\/piescomodos.com\/en\/creams-and-sprays"},{"@type":"ListItem","position":3,"name":"KIMAS &#8211; Oil for massage"}]},{"@type":"WebSite","@id":"https:\/\/piescomodos.com\/en\/#website","url":"https:\/\/piescomodos.com\/en\/","name":"PiesComodos","description":"Tienda online de calcetines y complementos.","publisher":{"@id":"https:\/\/piescomodos.com\/en\/#organization"},"potentialAction":[{"@type":"SearchAction","target":{"@type":"EntryPoint","urlTemplate":"https:\/\/piescomodos.com\/en\/?s={search_term_string}"},"query-input":{"@type":"PropertyValueSpecification","valueRequired":true,"valueName":"search_term_string"}}],"inLanguage":"en-US"},{"@type":"Organization","@id":"https:\/\/piescomodos.com\/en\/#organization","name":"Pies C\u00f3modos","url":"https:\/\/piescomodos.com\/en\/","logo":{"@type":"ImageObject","inLanguage":"en-US","@id":"https:\/\/piescomodos.com\/en\/#\/schema\/logo\/image\/","url":"https:\/\/piescomodos.com\/wp-content\/uploads\/2021\/02\/cropped-piescomodos-logoweb.png","contentUrl":"https:\/\/piescomodos.com\/wp-content\/uploads\/2021\/02\/cropped-piescomodos-logoweb.png","width":195,"height":39,"caption":"Pies C\u00f3modos"},"image":{"@id":"https:\/\/piescomodos.com\/en\/#\/schema\/logo\/image\/"}}]}},"_links":{"self":[{"href":"https:\/\/piescomodos.com\/en\/wp-json\/wp\/v2\/product\/3311","targetHints":{"allow":["GET"]}}],"collection":[{"href":"https:\/\/piescomodos.com\/en\/wp-json\/wp\/v2\/product"}],"about":[{"href":"https:\/\/piescomodos.com\/en\/wp-json\/wp\/v2\/types\/product"}],"replies":[{"embeddable":true,"href":"https:\/\/piescomodos.com\/en\/wp-json\/wp\/v2\/comments?post=3311"}],"wp:featuredmedia":[{"embeddable":true,"href":"https:\/\/piescomodos.com\/en\/wp-json\/wp\/v2\/media\/5308"}],"wp:attachment":[{"href":"https:\/\/piescomodos.com\/en\/wp-json\/wp\/v2\/media?parent=3311"}],"wp:term":[{"taxonomy":"product_brand","embeddable":true,"href":"https:\/\/piescomodos.com\/en\/wp-json\/wp\/v2\/product_brand?post=3311"},{"taxonomy":"product_cat","embeddable":true,"href":"https:\/\/piescomodos.com\/en\/wp-json\/wp\/v2\/product_cat?post=3311"},{"taxonomy":"product_tag","embeddable":true,"href":"https:\/\/piescomodos.com\/en\/wp-json\/wp\/v2\/product_tag?post=3311"}],"curies":[{"name":"wp","href":"https:\/\/api.w.org\/{rel}","templated":true}]}}