{"id":4543,"date":"2021-06-03T13:18:23","date_gmt":"2021-06-03T11:18:23","guid":{"rendered":"https:\/\/piescomodos.com\/?page_id=4543"},"modified":"2021-06-03T13:28:00","modified_gmt":"2021-06-03T11:28:00","slug":"privacy-policy","status":"publish","type":"page","link":"https:\/\/piescomodos.com\/en\/privacy-policy","title":{"rendered":"Privacy policy"},"content":{"rendered":"<p>[et_pb_section fb_built=&#8221;1&#8243; _builder_version=&#8221;3.22&#8243;][et_pb_row _builder_version=&#8221;3.25&#8243; background_size=&#8221;initial&#8221; background_position=&#8221;top_left&#8221; background_repeat=&#8221;repeat&#8221;][et_pb_column type=&#8221;4_4&#8243; _builder_version=&#8221;3.25&#8243; custom_padding=&#8221;|||&#8221; custom_padding__hover=&#8221;|||&#8221;][et_pb_text _builder_version=&#8221;4.9.0&#8243; background_size=&#8221;initial&#8221; background_position=&#8221;top_left&#8221; background_repeat=&#8221;repeat&#8221;]<\/p>\n<h1 style=\"text-align: left;\"><strong>Pol\u00edtica de privacidad<\/strong><\/h1>\n<p><strong>\u00a0<\/strong><\/p>\n<h5 style=\"text-align: left;\"><strong>RESPONSABLE<\/strong><\/h5>\n<p>ALBERTO SANCHEZ CALDERON<\/p>\n<p>Direcci\u00f3n Fiscal: CARRER DEL ESPLIEGO, 12\u00a0 03690 SAN VICENTE DEL RASPEIG (ALICANTE)<br \/>CIF\/NIF: <strong>01822783X<\/strong><br \/> Telf.:\u00a0<strong>601904242\u00a0\/\u00a0621227885<\/strong><br \/> Responsable del tratamiento:\u00a0<strong>ALBERTO SANCHEZ CALDERON<\/strong><br \/> Email : <a href=\"mailto:admin@piescomodos.com\">admin@piescomodos.com<\/a><\/p>\n<p><strong><\/strong><\/p>\n<h5 style=\"text-align: left;\"><strong>FINALIDAD<\/strong><\/h5>\n<p>DISTRIBUCION Y VENTA ONLINE DE PRODUCTOS PARA EL CUIDADO DE LOS PIES Y COMPLEMENTOS<\/p>\n<ul>\n<li>Remitir informaci\u00f3n al cliente a cerca de los productos comercializados.<\/li>\n<li>Elaborar y remitir a petici\u00f3n del cliente un pedido.<\/li>\n<li>Gestionar la web de compra online https:\/\/piescomodos.es\/es y contestar a las consultas del formulario de contacto.<\/li>\n<li>Elaborar la factura del servicio al cliente.<\/li>\n<li>Informarte de promociones, noticias y acciones que resulten de tu inter\u00e9s a trav\u00e9s de nuestra web, email, etc.<\/li>\n<\/ul>\n<p>Plazos de conservaci\u00f3n de los datos: mientras se mantenga la relaci\u00f3n contractual, o se solicite la supresi\u00f3n por el interesado o alguna obligaci\u00f3n de tipo legal.<\/p>\n<p>No se utilizaran sus datos para elaboraci\u00f3n de perfiles.<\/p>\n<p>&nbsp;<\/p>\n<h5 style=\"text-align: left;\"><strong>LEGITIMACI\u00d3N<\/strong><\/h5>\n<p>EJECUCION DE UN PEDIDO, FACTURA, SERVICIO<\/p>\n<p>Por inter\u00e9s leg\u00edtimo del interesado.<\/p>\n<p>Por Consentimiento del interesado al aceptar nuestra pol\u00edtica de privacidad y autorizaciones a trav\u00e9s de la marcaci\u00f3n de la casilla especialmente habilitada para tal<br \/> efecto.<\/p>\n<p>Usted tiene derecho a no ceder sus datos y su consecuencia ser\u00eda la imposibilidad de realizar el servicio contratado.<\/p>\n<p>&nbsp;<\/p>\n<h5 style=\"text-align: left;\"><strong>DESTINATARIOS (DE\u00a0CESIONES O TRANSFERENCIAS)<\/strong><\/h5>\n<p>PREVISION O NO DE CESIONES &#8211; No se realizar\u00e1n transferencias de datos salvo imperativo legal<\/p>\n<p>PREVISI\u00d3N DE TRANSFERENCIAS, O NO, A TERCEROS PAISES &#8211; No se realizar\u00e1n transferencias de datos salvo imperativo legal<\/p>\n<p><strong><\/strong><\/p>\n<h5 style=\"text-align: left;\"><strong>DERECHOS<\/strong><\/h5>\n<p>REFERENCIA AL EJERCICIO DE DERECHOS<\/p>\n<ul>\n<li>Podr\u00e1 ejercer los derechos de acceso, rectificaci\u00f3n, supresi\u00f3n y portabilidad de sus datos, y la limitaci\u00f3n u oposici\u00f3n a su tratamiento.<\/li>\n<li>Tiene usted derecho a retirar el consentimiento prestado cuando as\u00ed lo considere y la revocaci\u00f3n implica la imposibilidad de la prestaci\u00f3n.<\/li>\n<li>Tiene usted derecho a retirar el consentimiento prestado cuando as\u00ed lo considere y la revocaci\u00f3n implica la imposibilidad de la prestaci\u00f3n<\/li>\n<li>Tiene derecho a presentar una reclamaci\u00f3n ante la Agencia Espa\u00f1ola de Protecci\u00f3n de Datos, si considerara que el tratamiento de datos no es acorde a la normativa europea.<\/li>\n<\/ul>\n<p><strong><\/strong><\/p>\n<h5 style=\"text-align: left;\"><strong>PROCEDENCIA<\/strong><\/h5>\n<p>FUENTE DE LOS DATOS<\/p>\n<p>El origen de los datos tratados es su cesi\u00f3n voluntaria en la firma de consentimiento informado.<\/p>\n<p>Las categor\u00edas de datos que se tratan:<br \/> \u2022 Datos identificativos<br \/> \u2022 Datos bancarios (plataforma de pago segura)<br \/> \u2022 Datos comerciales<\/p>\n<p>Para ejercer sus derechos, actualizar la informaci\u00f3n de su cuenta, las preferencias de marketing por correo electr\u00f3nico o, en caso de que necesite asistencia t\u00e9cnica u otro tipo de ayuda en nuestros servicios, env\u00ede el correo electr\u00f3nico correspondiente a: <a href=\"mailto:admin@piescomodos.com\">admin@piescomodos.com<\/a><\/p>\n<p>&nbsp;<\/p>\n<h5 style=\"text-align: left;\"><strong>SEGURIDAD DE LOS\u00a0DATOS<\/strong><\/h5>\n<p>MEDIDAS DE SEGURIDAD<\/p>\n<p>Alberto S\u00e1nchez Calder\u00f3n (Pies Comodos), cuenta con pol\u00edticas apropiadas y medidas t\u00e9cnicas y organizativas para salvaguardar y proteger sus datos personales contra el acceso ilegal o no autorizado, p\u00e9rdida o destrucci\u00f3n accidental, da\u00f1os, uso y divulgaci\u00f3n ilegal o no autorizada, incluyendo la instrucci\u00f3n de nuestro personal y empleados a cargo de las diferentes tareas.<br \/> En todo caso, se informa al usuario que cualquier transmisi\u00f3n de datos a trav\u00e9s de internet no es completamente segura y, como tal, se realiza bajo su propio riesgo. PiesComodos\u00a0llevar\u00e1 a cabo los mayores esfuerzos para proteger sus datos personales, pero no podemos garantizar la seguridad de los datos personales transmitidos a trav\u00e9s de las plataformas conectadas a Internet.<\/p>\n<p>[\/et_pb_text][\/et_pb_column][\/et_pb_row][\/et_pb_section]<\/p>\n","protected":false},"excerpt":{"rendered":"<p>Pol\u00edtica de privacidad \u00a0 RESPONSABLE ALBERTO SANCHEZ CALDERON Direcci\u00f3n Fiscal: CARRER DEL ESPLIEGO, 12\u00a0 03690 SAN VICENTE DEL RASPEIG (ALICANTE)CIF\/NIF: 01822783X Telf.:\u00a0601904242\u00a0\/\u00a0621227885 Responsable del tratamiento:\u00a0ALBERTO SANCHEZ CALDERON Email : admin@piescomodos.com FINALIDAD DISTRIBUCION Y VENTA ONLINE DE PRODUCTOS PARA EL CUIDADO DE LOS PIES Y COMPLEMENTOS Remitir informaci\u00f3n al cliente a cerca de los productos comercializados. [&hellip;]<\/p>\n","protected":false},"author":1,"featured_media":0,"parent":0,"menu_order":102,"comment_status":"open","ping_status":"closed","template":"","meta":{"_et_pb_use_builder":"on","_et_pb_old_content":"","_et_gb_content_width":"","_joinchat":[],"footnotes":""},"class_list":["post-4543","page","type-page","status-publish","hentry"],"yoast_head":"<!-- This site is optimized with the Yoast SEO plugin v27.4 - https:\/\/yoast.com\/product\/yoast-seo-wordpress\/ -->\n<title>Privacy policy - PiesComodos<\/title>\n<meta name=\"robots\" content=\"noindex, follow\" \/>\n<meta property=\"og:locale\" content=\"en_US\" \/>\n<meta property=\"og:type\" content=\"article\" \/>\n<meta property=\"og:title\" content=\"Privacy policy - PiesComodos\" \/>\n<meta property=\"og:description\" content=\"Pol\u00edtica de privacidad \u00a0 RESPONSABLE ALBERTO SANCHEZ CALDERON Direcci\u00f3n Fiscal: CARRER DEL ESPLIEGO, 12\u00a0 03690 SAN VICENTE DEL RASPEIG (ALICANTE)CIF\/NIF: 01822783X Telf.:\u00a0601904242\u00a0\/\u00a0621227885 Responsable del tratamiento:\u00a0ALBERTO SANCHEZ CALDERON Email : admin@piescomodos.com FINALIDAD DISTRIBUCION Y VENTA ONLINE DE PRODUCTOS PARA EL CUIDADO DE LOS PIES Y COMPLEMENTOS Remitir informaci\u00f3n al cliente a cerca de los productos comercializados. [&hellip;]\" \/>\n<meta property=\"og:url\" content=\"https:\/\/piescomodos.com\/en\/privacy-policy\" \/>\n<meta property=\"og:site_name\" content=\"PiesComodos\" \/>\n<meta property=\"article:modified_time\" content=\"2021-06-03T11:28:00+00:00\" \/>\n<meta name=\"twitter:card\" content=\"summary_large_image\" \/>\n<script type=\"application\/ld+json\" class=\"yoast-schema-graph\">{\"@context\":\"https:\\\/\\\/schema.org\",\"@graph\":[{\"@type\":\"WebPage\",\"@id\":\"https:\\\/\\\/piescomodos.com\\\/en\\\/privacy-policy\",\"url\":\"https:\\\/\\\/piescomodos.com\\\/en\\\/privacy-policy\",\"name\":\"Privacy policy - PiesComodos\",\"isPartOf\":{\"@id\":\"https:\\\/\\\/piescomodos.com\\\/en\\\/#website\"},\"datePublished\":\"2021-06-03T11:18:23+00:00\",\"dateModified\":\"2021-06-03T11:28:00+00:00\",\"breadcrumb\":{\"@id\":\"https:\\\/\\\/piescomodos.com\\\/en\\\/privacy-policy#breadcrumb\"},\"inLanguage\":\"en-US\",\"potentialAction\":[{\"@type\":\"ReadAction\",\"target\":[\"https:\\\/\\\/piescomodos.com\\\/en\\\/privacy-policy\"]}]},{\"@type\":\"BreadcrumbList\",\"@id\":\"https:\\\/\\\/piescomodos.com\\\/en\\\/privacy-policy#breadcrumb\",\"itemListElement\":[{\"@type\":\"ListItem\",\"position\":1,\"name\":\"PiesC\u00f3modos\",\"item\":\"https:\\\/\\\/piescomodos.com\\\/en\"},{\"@type\":\"ListItem\",\"position\":2,\"name\":\"Privacy policy\"}]},{\"@type\":\"WebSite\",\"@id\":\"https:\\\/\\\/piescomodos.com\\\/en\\\/#website\",\"url\":\"https:\\\/\\\/piescomodos.com\\\/en\\\/\",\"name\":\"PiesComodos\",\"description\":\"Tienda online de calcetines y complementos.\",\"publisher\":{\"@id\":\"https:\\\/\\\/piescomodos.com\\\/en\\\/#organization\"},\"potentialAction\":[{\"@type\":\"SearchAction\",\"target\":{\"@type\":\"EntryPoint\",\"urlTemplate\":\"https:\\\/\\\/piescomodos.com\\\/en\\\/?s={search_term_string}\"},\"query-input\":{\"@type\":\"PropertyValueSpecification\",\"valueRequired\":true,\"valueName\":\"search_term_string\"}}],\"inLanguage\":\"en-US\"},{\"@type\":\"Organization\",\"@id\":\"https:\\\/\\\/piescomodos.com\\\/en\\\/#organization\",\"name\":\"Pies C\u00f3modos\",\"url\":\"https:\\\/\\\/piescomodos.com\\\/en\\\/\",\"logo\":{\"@type\":\"ImageObject\",\"inLanguage\":\"en-US\",\"@id\":\"https:\\\/\\\/piescomodos.com\\\/en\\\/#\\\/schema\\\/logo\\\/image\\\/\",\"url\":\"https:\\\/\\\/piescomodos.com\\\/wp-content\\\/uploads\\\/2021\\\/02\\\/cropped-piescomodos-logoweb.png\",\"contentUrl\":\"https:\\\/\\\/piescomodos.com\\\/wp-content\\\/uploads\\\/2021\\\/02\\\/cropped-piescomodos-logoweb.png\",\"width\":195,\"height\":39,\"caption\":\"Pies C\u00f3modos\"},\"image\":{\"@id\":\"https:\\\/\\\/piescomodos.com\\\/en\\\/#\\\/schema\\\/logo\\\/image\\\/\"}}]}<\/script>\n<!-- \/ Yoast SEO plugin. -->","yoast_head_json":{"title":"Privacy policy - PiesComodos","robots":{"index":"noindex","follow":"follow"},"og_locale":"en_US","og_type":"article","og_title":"Privacy policy - PiesComodos","og_description":"Pol\u00edtica de privacidad \u00a0 RESPONSABLE ALBERTO SANCHEZ CALDERON Direcci\u00f3n Fiscal: CARRER DEL ESPLIEGO, 12\u00a0 03690 SAN VICENTE DEL RASPEIG (ALICANTE)CIF\/NIF: 01822783X Telf.:\u00a0601904242\u00a0\/\u00a0621227885 Responsable del tratamiento:\u00a0ALBERTO SANCHEZ CALDERON Email : admin@piescomodos.com FINALIDAD DISTRIBUCION Y VENTA ONLINE DE PRODUCTOS PARA EL CUIDADO DE LOS PIES Y COMPLEMENTOS Remitir informaci\u00f3n al cliente a cerca de los productos comercializados. [&hellip;]","og_url":"https:\/\/piescomodos.com\/en\/privacy-policy","og_site_name":"PiesComodos","article_modified_time":"2021-06-03T11:28:00+00:00","twitter_card":"summary_large_image","schema":{"@context":"https:\/\/schema.org","@graph":[{"@type":"WebPage","@id":"https:\/\/piescomodos.com\/en\/privacy-policy","url":"https:\/\/piescomodos.com\/en\/privacy-policy","name":"Privacy policy - PiesComodos","isPartOf":{"@id":"https:\/\/piescomodos.com\/en\/#website"},"datePublished":"2021-06-03T11:18:23+00:00","dateModified":"2021-06-03T11:28:00+00:00","breadcrumb":{"@id":"https:\/\/piescomodos.com\/en\/privacy-policy#breadcrumb"},"inLanguage":"en-US","potentialAction":[{"@type":"ReadAction","target":["https:\/\/piescomodos.com\/en\/privacy-policy"]}]},{"@type":"BreadcrumbList","@id":"https:\/\/piescomodos.com\/en\/privacy-policy#breadcrumb","itemListElement":[{"@type":"ListItem","position":1,"name":"PiesC\u00f3modos","item":"https:\/\/piescomodos.com\/en"},{"@type":"ListItem","position":2,"name":"Privacy policy"}]},{"@type":"WebSite","@id":"https:\/\/piescomodos.com\/en\/#website","url":"https:\/\/piescomodos.com\/en\/","name":"PiesComodos","description":"Tienda online de calcetines y complementos.","publisher":{"@id":"https:\/\/piescomodos.com\/en\/#organization"},"potentialAction":[{"@type":"SearchAction","target":{"@type":"EntryPoint","urlTemplate":"https:\/\/piescomodos.com\/en\/?s={search_term_string}"},"query-input":{"@type":"PropertyValueSpecification","valueRequired":true,"valueName":"search_term_string"}}],"inLanguage":"en-US"},{"@type":"Organization","@id":"https:\/\/piescomodos.com\/en\/#organization","name":"Pies C\u00f3modos","url":"https:\/\/piescomodos.com\/en\/","logo":{"@type":"ImageObject","inLanguage":"en-US","@id":"https:\/\/piescomodos.com\/en\/#\/schema\/logo\/image\/","url":"https:\/\/piescomodos.com\/wp-content\/uploads\/2021\/02\/cropped-piescomodos-logoweb.png","contentUrl":"https:\/\/piescomodos.com\/wp-content\/uploads\/2021\/02\/cropped-piescomodos-logoweb.png","width":195,"height":39,"caption":"Pies C\u00f3modos"},"image":{"@id":"https:\/\/piescomodos.com\/en\/#\/schema\/logo\/image\/"}}]}},"_links":{"self":[{"href":"https:\/\/piescomodos.com\/en\/wp-json\/wp\/v2\/pages\/4543","targetHints":{"allow":["GET"]}}],"collection":[{"href":"https:\/\/piescomodos.com\/en\/wp-json\/wp\/v2\/pages"}],"about":[{"href":"https:\/\/piescomodos.com\/en\/wp-json\/wp\/v2\/types\/page"}],"author":[{"embeddable":true,"href":"https:\/\/piescomodos.com\/en\/wp-json\/wp\/v2\/users\/1"}],"replies":[{"embeddable":true,"href":"https:\/\/piescomodos.com\/en\/wp-json\/wp\/v2\/comments?post=4543"}],"version-history":[{"count":0,"href":"https:\/\/piescomodos.com\/en\/wp-json\/wp\/v2\/pages\/4543\/revisions"}],"wp:attachment":[{"href":"https:\/\/piescomodos.com\/en\/wp-json\/wp\/v2\/media?parent=4543"}],"curies":[{"name":"wp","href":"https:\/\/api.w.org\/{rel}","templated":true}]}}