{"id":4535,"date":"2021-06-03T13:09:42","date_gmt":"2021-06-03T11:09:42","guid":{"rendered":"https:\/\/piescomodos.com\/?page_id=4535"},"modified":"2023-08-07T19:10:55","modified_gmt":"2023-08-07T17:10:55","slug":"shipping","status":"publish","type":"page","link":"https:\/\/piescomodos.com\/en\/shipping","title":{"rendered":"Shipping"},"content":{"rendered":"<p>[et_pb_section fb_built=&#8221;1&#8243; admin_label=&#8221;section&#8221; _builder_version=&#8221;4.16&#8243; global_colors_info=&#8221;{}&#8221;][et_pb_row admin_label=&#8221;row&#8221; _builder_version=&#8221;4.16&#8243; background_size=&#8221;initial&#8221; background_position=&#8221;top_left&#8221; background_repeat=&#8221;repeat&#8221; global_colors_info=&#8221;{}&#8221;][et_pb_column type=&#8221;4_4&#8243; _builder_version=&#8221;4.16&#8243; custom_padding=&#8221;|||&#8221; global_colors_info=&#8221;{}&#8221; custom_padding__hover=&#8221;|||&#8221;][et_pb_text admin_label=&#8221;Text&#8221; _builder_version=&#8221;4.16&#8243; background_size=&#8221;initial&#8221; background_position=&#8221;top_left&#8221; background_repeat=&#8221;repeat&#8221; global_colors_info=&#8221;{}&#8221;]<\/p>\n<h1>SHIPPING<\/h1>\n<p>&nbsp;<\/p>\n<address><\/address>\n<address><\/address>\n<address><\/address>\n<address><span><\/span><\/address>\n<address><span><\/span><\/address>\n<h2><span style=\"font-size: large;\">Shipping cost according to geographical area:<\/span><\/h2>\n<p><span><\/span><\/p>\n<table>\n<tbody>\n<tr>\n<td>Espa\u00f1a peninsular y Portugal peninsular<\/td>\n<td>\n<p>env\u00edo 24\/48<\/p>\n<p>env\u00edo gratuito<\/p>\n<\/td>\n<td>\n<p>\u20ac 6.00<\/p>\n<p>a partir de \u20ac 50.00<\/p>\n<\/td>\n<\/tr>\n<tr>\n<td>Islas Baleares<\/td>\n<td>\n<p>env\u00edo 48\/72<\/p>\n<p>env\u00edo gratuito<\/p>\n<\/td>\n<td>\n<p>\u20ac 9.00<\/p>\n<p>a partir de \u20ac 60.00<\/p>\n<\/td>\n<\/tr>\n<tr>\n<td>Islas Canarias<\/td>\n<td>\n<p>env\u00edo 48\/72<\/p>\n<p>env\u00edo gratuito<\/p>\n<\/td>\n<td>\n<p>\u20ac 35.00<\/p>\n<p>a partir de \u20ac 250.00<\/p>\n<\/td>\n<\/tr>\n<tr>\n<td>Ceuta y Melilla<\/td>\n<td>\n<p>env\u00edo 48\/72<\/p>\n<p>env\u00edo gratuito<\/p>\n<\/td>\n<td>\n<p>\u20ac 35.00<\/p>\n<p>a partir de \u20ac 250.00<\/p>\n<\/td>\n<\/tr>\n<tr>\n<td>Francia, Italia<\/td>\n<td>\n<p>env\u00edo de 2 a 5 d\u00edas<\/p>\n<p>env\u00edo gratuito<\/p>\n<\/td>\n<td>\n<p>\u20ac 33.00<\/p>\n<p>a partir de \u20ac 120.00<\/p>\n<\/td>\n<\/tr>\n<tr>\n<td>Alemania, B\u00e9lgica, Luxemburgo, M\u00f3naco, Paises Bajos<\/td>\n<td>\n<p>env\u00edo de 4 a 7 d\u00edas<\/p>\n<p>env\u00edo gratuito<\/p>\n<\/td>\n<td>\n<p>\u20ac 40.00<\/p>\n<p>a partir de \u20ac 120.00<\/p>\n<\/td>\n<\/tr>\n<tr>\n<td>Austria, Dinamarca, Finlandia, Irlanda, Suecia<\/td>\n<td>\n<p>env\u00edo de 4 a 7 d\u00edas<\/p>\n<p>env\u00edo gratuito<\/p>\n<\/td>\n<td>\n<p>\u20ac 46.00<\/p>\n<p>a partir de \u20ac 200.00<\/p>\n<\/td>\n<\/tr>\n<tr>\n<td>Eslovaquia, Eslovenia, Estonia, Grecia, Hungr\u00eda, Letonia, Lituania, Polonia, Rep\u00fablica Checa<\/td>\n<td>\n<p>env\u00edo de 4 a 7 d\u00edas<\/p>\n<p>env\u00edo gratuito<\/p>\n<\/td>\n<td>\n<p>\u20ac 50.00<\/p>\n<p>a partir de \u20ac 250.00<\/p>\n<\/td>\n<\/tr>\n<\/tbody>\n<\/table>\n<p>Salvo que se produzcan circunstancias extraordinarias, intentaremos enviar el pedido del\/ de los producto\/s relacionados en la<span>\u00a0<\/span><span>Confirmaci\u00f3n de Env\u00edo, en el plazo de 7 d\u00edas laborales a contar desde el\u00a0d\u00eda\u00a0despu\u00e9s\u00a0de la fecha del Confirmaci\u00f3n de env\u00edo.<\/span><\/p>\n<p>El retraso puede deberse a las siguientes razones:<\/p>\n<ul>\n<li><span>* Circunstancias imprevistas;<\/span><\/li>\n<li><span>* Zona de entrega;<\/span><\/li>\n<li><span>* No disponibilidad del producto en el momento de formalizar el pedido;<\/span><\/li>\n<\/ul>\n<address>Si por alg\u00fan motivo no pudi\u00e9semos cumplir con la fecha de entrega, informaremos de esta circunstancia y daremos la opci\u00f3n de seguir adelante con la compra estableciendo una nueva fecha de entrega o bien anular el pedido con el reembolso total del precio pagado. No realizamos entregas los s\u00e1bados, domingos ni festivos.<\/address>\n<address><\/address>\n<address><\/address>\n<address><\/address>\n<address><\/address>\n<address><\/address>\n<address><\/address>\n<h2><\/h2>\n<h2><span><\/span><\/h2>\n<h2><span style=\"font-size: large;\">Undeliverable<\/span><\/h2>\n<address>Si a nuestro proveedor de servicios de transporte le resulta imposible efectuar la entrega, tras dos intentos, y sin poder localizar al cliente, el paquete ser\u00e1 devuelto al remitente PIESCOMODOS.<\/address>\n<address>Existe la posibilidad, una vez resuelta la raz\u00f3n de la no entrega anteriormente mencionada, de enviar de nuevo el paquete con un cargo adicional de 6 Euros o bien de anular el pedido con el reembolso total del precio pagado, menos el porte de los 6 Euros (gastos de ida), al asumir nosotros los gastos de la devoluci\u00f3n.<\/address>\n<p>[\/et_pb_text][\/et_pb_column][\/et_pb_row][\/et_pb_section]<\/p>\n","protected":false},"excerpt":{"rendered":"<p>SHIPPING &nbsp; Shipping cost according to geographical area: Espa\u00f1a peninsular y Portugal peninsular env\u00edo 24\/48 env\u00edo gratuito \u20ac 6.00 a partir de \u20ac 50.00 Islas Baleares env\u00edo 48\/72 env\u00edo gratuito \u20ac 9.00 a partir de \u20ac 60.00 Islas Canarias env\u00edo 48\/72 env\u00edo gratuito \u20ac 35.00 a partir de \u20ac 250.00 Ceuta y Melilla env\u00edo 48\/72 [&hellip;]<\/p>\n","protected":false},"author":1,"featured_media":0,"parent":0,"menu_order":5,"comment_status":"closed","ping_status":"closed","template":"","meta":{"_et_pb_use_builder":"on","_et_pb_old_content":"","_et_gb_content_width":"","_joinchat":[],"footnotes":""},"class_list":["post-4535","page","type-page","status-publish","hentry"],"yoast_head":"<!-- This site is optimized with the Yoast SEO plugin v27.4 - https:\/\/yoast.com\/product\/yoast-seo-wordpress\/ -->\n<title>Shipping - PiesComodos<\/title>\n<meta name=\"robots\" content=\"noindex, follow\" \/>\n<meta property=\"og:locale\" content=\"en_US\" \/>\n<meta property=\"og:type\" content=\"article\" \/>\n<meta property=\"og:title\" content=\"Shipping - PiesComodos\" \/>\n<meta property=\"og:description\" content=\"SHIPPING &nbsp; Shipping cost according to geographical area: Espa\u00f1a peninsular y Portugal peninsular env\u00edo 24\/48 env\u00edo gratuito \u20ac 6.00 a partir de \u20ac 50.00 Islas Baleares env\u00edo 48\/72 env\u00edo gratuito \u20ac 9.00 a partir de \u20ac 60.00 Islas Canarias env\u00edo 48\/72 env\u00edo gratuito \u20ac 35.00 a partir de \u20ac 250.00 Ceuta y Melilla env\u00edo 48\/72 [&hellip;]\" \/>\n<meta property=\"og:url\" content=\"https:\/\/piescomodos.com\/en\/shipping\" \/>\n<meta property=\"og:site_name\" content=\"PiesComodos\" \/>\n<meta property=\"article:modified_time\" content=\"2023-08-07T17:10:55+00:00\" \/>\n<meta name=\"twitter:card\" content=\"summary_large_image\" \/>\n<script type=\"application\/ld+json\" class=\"yoast-schema-graph\">{\"@context\":\"https:\\\/\\\/schema.org\",\"@graph\":[{\"@type\":\"WebPage\",\"@id\":\"https:\\\/\\\/piescomodos.com\\\/en\\\/shipping\",\"url\":\"https:\\\/\\\/piescomodos.com\\\/en\\\/shipping\",\"name\":\"Shipping - PiesComodos\",\"isPartOf\":{\"@id\":\"https:\\\/\\\/piescomodos.com\\\/en\\\/#website\"},\"datePublished\":\"2021-06-03T11:09:42+00:00\",\"dateModified\":\"2023-08-07T17:10:55+00:00\",\"breadcrumb\":{\"@id\":\"https:\\\/\\\/piescomodos.com\\\/en\\\/shipping#breadcrumb\"},\"inLanguage\":\"en-US\",\"potentialAction\":[{\"@type\":\"ReadAction\",\"target\":[\"https:\\\/\\\/piescomodos.com\\\/en\\\/shipping\"]}]},{\"@type\":\"BreadcrumbList\",\"@id\":\"https:\\\/\\\/piescomodos.com\\\/en\\\/shipping#breadcrumb\",\"itemListElement\":[{\"@type\":\"ListItem\",\"position\":1,\"name\":\"PiesC\u00f3modos\",\"item\":\"https:\\\/\\\/piescomodos.com\\\/en\"},{\"@type\":\"ListItem\",\"position\":2,\"name\":\"Shipping\"}]},{\"@type\":\"WebSite\",\"@id\":\"https:\\\/\\\/piescomodos.com\\\/en\\\/#website\",\"url\":\"https:\\\/\\\/piescomodos.com\\\/en\\\/\",\"name\":\"PiesComodos\",\"description\":\"Tienda online de calcetines y complementos.\",\"publisher\":{\"@id\":\"https:\\\/\\\/piescomodos.com\\\/en\\\/#organization\"},\"potentialAction\":[{\"@type\":\"SearchAction\",\"target\":{\"@type\":\"EntryPoint\",\"urlTemplate\":\"https:\\\/\\\/piescomodos.com\\\/en\\\/?s={search_term_string}\"},\"query-input\":{\"@type\":\"PropertyValueSpecification\",\"valueRequired\":true,\"valueName\":\"search_term_string\"}}],\"inLanguage\":\"en-US\"},{\"@type\":\"Organization\",\"@id\":\"https:\\\/\\\/piescomodos.com\\\/en\\\/#organization\",\"name\":\"Pies C\u00f3modos\",\"url\":\"https:\\\/\\\/piescomodos.com\\\/en\\\/\",\"logo\":{\"@type\":\"ImageObject\",\"inLanguage\":\"en-US\",\"@id\":\"https:\\\/\\\/piescomodos.com\\\/en\\\/#\\\/schema\\\/logo\\\/image\\\/\",\"url\":\"https:\\\/\\\/piescomodos.com\\\/wp-content\\\/uploads\\\/2021\\\/02\\\/cropped-piescomodos-logoweb.png\",\"contentUrl\":\"https:\\\/\\\/piescomodos.com\\\/wp-content\\\/uploads\\\/2021\\\/02\\\/cropped-piescomodos-logoweb.png\",\"width\":195,\"height\":39,\"caption\":\"Pies C\u00f3modos\"},\"image\":{\"@id\":\"https:\\\/\\\/piescomodos.com\\\/en\\\/#\\\/schema\\\/logo\\\/image\\\/\"}}]}<\/script>\n<!-- \/ Yoast SEO plugin. -->","yoast_head_json":{"title":"Shipping - PiesComodos","robots":{"index":"noindex","follow":"follow"},"og_locale":"en_US","og_type":"article","og_title":"Shipping - PiesComodos","og_description":"SHIPPING &nbsp; Shipping cost according to geographical area: Espa\u00f1a peninsular y Portugal peninsular env\u00edo 24\/48 env\u00edo gratuito \u20ac 6.00 a partir de \u20ac 50.00 Islas Baleares env\u00edo 48\/72 env\u00edo gratuito \u20ac 9.00 a partir de \u20ac 60.00 Islas Canarias env\u00edo 48\/72 env\u00edo gratuito \u20ac 35.00 a partir de \u20ac 250.00 Ceuta y Melilla env\u00edo 48\/72 [&hellip;]","og_url":"https:\/\/piescomodos.com\/en\/shipping","og_site_name":"PiesComodos","article_modified_time":"2023-08-07T17:10:55+00:00","twitter_card":"summary_large_image","schema":{"@context":"https:\/\/schema.org","@graph":[{"@type":"WebPage","@id":"https:\/\/piescomodos.com\/en\/shipping","url":"https:\/\/piescomodos.com\/en\/shipping","name":"Shipping - PiesComodos","isPartOf":{"@id":"https:\/\/piescomodos.com\/en\/#website"},"datePublished":"2021-06-03T11:09:42+00:00","dateModified":"2023-08-07T17:10:55+00:00","breadcrumb":{"@id":"https:\/\/piescomodos.com\/en\/shipping#breadcrumb"},"inLanguage":"en-US","potentialAction":[{"@type":"ReadAction","target":["https:\/\/piescomodos.com\/en\/shipping"]}]},{"@type":"BreadcrumbList","@id":"https:\/\/piescomodos.com\/en\/shipping#breadcrumb","itemListElement":[{"@type":"ListItem","position":1,"name":"PiesC\u00f3modos","item":"https:\/\/piescomodos.com\/en"},{"@type":"ListItem","position":2,"name":"Shipping"}]},{"@type":"WebSite","@id":"https:\/\/piescomodos.com\/en\/#website","url":"https:\/\/piescomodos.com\/en\/","name":"PiesComodos","description":"Tienda online de calcetines y complementos.","publisher":{"@id":"https:\/\/piescomodos.com\/en\/#organization"},"potentialAction":[{"@type":"SearchAction","target":{"@type":"EntryPoint","urlTemplate":"https:\/\/piescomodos.com\/en\/?s={search_term_string}"},"query-input":{"@type":"PropertyValueSpecification","valueRequired":true,"valueName":"search_term_string"}}],"inLanguage":"en-US"},{"@type":"Organization","@id":"https:\/\/piescomodos.com\/en\/#organization","name":"Pies C\u00f3modos","url":"https:\/\/piescomodos.com\/en\/","logo":{"@type":"ImageObject","inLanguage":"en-US","@id":"https:\/\/piescomodos.com\/en\/#\/schema\/logo\/image\/","url":"https:\/\/piescomodos.com\/wp-content\/uploads\/2021\/02\/cropped-piescomodos-logoweb.png","contentUrl":"https:\/\/piescomodos.com\/wp-content\/uploads\/2021\/02\/cropped-piescomodos-logoweb.png","width":195,"height":39,"caption":"Pies C\u00f3modos"},"image":{"@id":"https:\/\/piescomodos.com\/en\/#\/schema\/logo\/image\/"}}]}},"_links":{"self":[{"href":"https:\/\/piescomodos.com\/en\/wp-json\/wp\/v2\/pages\/4535","targetHints":{"allow":["GET"]}}],"collection":[{"href":"https:\/\/piescomodos.com\/en\/wp-json\/wp\/v2\/pages"}],"about":[{"href":"https:\/\/piescomodos.com\/en\/wp-json\/wp\/v2\/types\/page"}],"author":[{"embeddable":true,"href":"https:\/\/piescomodos.com\/en\/wp-json\/wp\/v2\/users\/1"}],"replies":[{"embeddable":true,"href":"https:\/\/piescomodos.com\/en\/wp-json\/wp\/v2\/comments?post=4535"}],"version-history":[{"count":2,"href":"https:\/\/piescomodos.com\/en\/wp-json\/wp\/v2\/pages\/4535\/revisions"}],"predecessor-version":[{"id":6177,"href":"https:\/\/piescomodos.com\/en\/wp-json\/wp\/v2\/pages\/4535\/revisions\/6177"}],"wp:attachment":[{"href":"https:\/\/piescomodos.com\/en\/wp-json\/wp\/v2\/media?parent=4535"}],"curies":[{"name":"wp","href":"https:\/\/api.w.org\/{rel}","templated":true}]}}