{"id":4520,"date":"2021-06-03T13:02:22","date_gmt":"2021-06-03T11:02:22","guid":{"rendered":"https:\/\/piescomodos.com\/about-us"},"modified":"2021-06-03T13:24:19","modified_gmt":"2021-06-03T11:24:19","slug":"who-we-are","status":"publish","type":"page","link":"https:\/\/piescomodos.com\/en\/who-we-are","title":{"rendered":"Who we are"},"content":{"rendered":"<p>[et_pb_section fb_built=&#8221;1&#8243; admin_label=&#8221;section&#8221; _builder_version=&#8221;4.9.2&#8243; custom_padding=&#8221;||0px||false|false&#8221; top_divider_style=&#8221;graph4&#8243; top_divider_color=&#8221;#CD2120&#8243;][et_pb_row _builder_version=&#8221;4.9.2&#8243; _module_preset=&#8221;default&#8221; custom_padding=&#8221;120px|||||&#8221;][et_pb_column type=&#8221;4_4&#8243; _builder_version=&#8221;4.9.2&#8243; _module_preset=&#8221;default&#8221;][et_pb_text _builder_version=&#8221;4.9.2&#8243; _module_preset=&#8221;a4e5d379-2349-4558-87a5-3ec57f603272&#8243;]<\/p>\n<h1>\u00bfQui\u00e9nes somos?<\/h1>\n<h4>PiesComodos es el resultado de una iniciativa que naci\u00f3 a ra\u00edz de una propuesta.<\/h4>\n<p>[\/et_pb_text][et_pb_text _builder_version=&#8221;4.9.2&#8243; _module_preset=&#8221;a4e5d379-2349-4558-87a5-3ec57f603272&#8243; text_line_height=&#8221;1.6em&#8221; text_orientation=&#8221;justified&#8221;]<\/p>\n<p><strong>Alberto S\u00e1nchez, <\/strong>director comercial<strong>:<\/strong> &#8220;<em>El a\u00f1o 1987 fue el pistoletazo de salida para mi carrera profesional dentro del sector del calzado. Desde el a\u00f1o 1996 me dedico a representar f\u00e1bricas o siendo el \u201cbuying office\u201d de clientes de todo el mundo que compran en Espa\u00f1a. Creciendo como profesional de la venta de calzado en el departamento de exportaci\u00f3n, siempre he tenido el gusto de poder combinar una de mis pasiones con mi obligaci\u00f3n laboral: viajar. Y as\u00ed comenz\u00f3 todo\u2026<\/em><\/p>\n<p><em>En el a\u00f1o 2007 acud\u00ed a la Feria GDS internacional de zapatos y complementos (Alemania) donde me propusieron la <strong><span style=\"color: #cd2120;\">representaci\u00f3n en exclusiva en el mercado espa\u00f1ol de dos grandes marcas<\/span><\/strong>. Hago menci\u00f3n de la <span style=\"color: #cd2120;\"><strong>estadounidense Wrightsock<\/strong><\/span>, con sus calcetines especiales de multiuso, y la <strong><span style=\"color: #cd2120;\">alemana Danzarin<\/span><\/strong>, con sus polvos de talco naturales espec\u00edficos.<\/em>&#8220;<\/p>\n<p>Despu\u00e9s de haber analizado el mercado durante un tiempo, a mediados de 2008, tomamos la decisi\u00f3n de representar dichas marcas en Andorra, Espa\u00f1a y Portugal. Sin embargo fue realmente un a\u00f1o m\u00e1s tarde cuando el esfuerzo tuvo su recompensa d\u00e1ndose a conocer la nueva empresa\u2026 y as\u00ed surgi\u00f3 <span style=\"color: #cd2120;\"><b>PiesComodos<\/b><\/span>.<\/p>\n<p>No se pod\u00eda haber elegido mejor nombre teniendo en cuenta que los productos que ofrecemos son <strong><span style=\"color: #cd2120;\">art\u00edculos para el confort de los pies<\/span><\/strong>, adem\u00e1s de tratar toda clase de problemas espec\u00edficos. Siempre con la garant\u00eda de recibir en todo momento un trato servicial y disponibilidad por nuestra parte en caso de que algo no fuese de su agrado.<\/p>\n<p>Actualmente, tras <strong><span style=\"color: #cd2120;\">m\u00e1s de 12 a\u00f1os de compromiso con nuestros clientes<\/span><\/strong>, seguimos encaminados con este proyecto que cada a\u00f1o vemos crecer con ilusi\u00f3n, raz\u00f3n por la cual hemos incluido m\u00e1s productos al haber aumentado la demanda por parte de nuestros clientes.<\/p>\n<p>No nos queda m\u00e1s que seguir trabajando para ver realizada nuestra visi\u00f3n futura de empresa, ofreciendo al cliente productos que den soluciones y no solo promesas.<\/p>\n<p><span style=\"color: #cd2120;\"><strong>Gracias por la confianza<\/strong><\/span> depositada en nosotros a lo largo de estos a\u00f1os.<\/p>\n<p><span style=\"color: #300000;\"><strong>El equipo de PiesComodos.<\/strong><\/span><\/p>\n<p>[\/et_pb_text][\/et_pb_column][\/et_pb_row][\/et_pb_section][et_pb_section fb_built=&#8221;1&#8243; _builder_version=&#8221;4.9.2&#8243; _module_preset=&#8221;default&#8221; background_color=&#8221;#CD2120&#8243; custom_padding=&#8221;120px|||||&#8221; top_divider_style=&#8221;graph4&#8243; top_divider_color=&#8221;#FFFFFF&#8221;][et_pb_row _builder_version=&#8221;4.9.2&#8243; _module_preset=&#8221;default&#8221;][et_pb_column type=&#8221;4_4&#8243; _builder_version=&#8221;4.9.2&#8243; _module_preset=&#8221;default&#8221;][et_pb_video src=&#8221;https:\/\/youtu.be\/8DEE3nOxBrs&#8221; _builder_version=&#8221;4.9.2&#8243; _module_preset=&#8221;default&#8221; border_width_all=&#8221;4px&#8221; border_color_all=&#8221;#FFFFFF&#8221;][\/et_pb_video][\/et_pb_column][\/et_pb_row][\/et_pb_section][et_pb_section fb_built=&#8221;1&#8243; _builder_version=&#8221;4.9.2&#8243; _module_preset=&#8221;default&#8221; background_color=&#8221;#f9f7f7&#8243; background_image=&#8221;https:\/\/piescomodos.com\/wp-content\/uploads\/2021\/03\/fondo-puntosNs-1.png&#8221; background_size=&#8221;initial&#8221; custom_padding=&#8221;||60px|||&#8221; saved_tabs=&#8221;all&#8221;][et_pb_row _builder_version=&#8221;4.9.0&#8243; _module_preset=&#8221;default&#8221;][et_pb_column type=&#8221;4_4&#8243; _builder_version=&#8221;4.9.0&#8243; _module_preset=&#8221;default&#8221;][et_pb_text _builder_version=&#8221;4.9.2&#8243; _module_preset=&#8221;640e03a6-8794-445d-89e4-02bf017e7c50&#8243;]<\/p>\n<p>Nuestras marcas<\/p>\n<p>[\/et_pb_text][et_pb_text _builder_version=&#8221;4.9.2&#8243; _module_preset=&#8221;a7f09ee6-c9c0-46b6-9265-7eb5c4a2cafc&#8221;]<\/p>\n<p>Las marcas con las que trabajamos<\/p>\n<p>&nbsp;<\/p>\n<p>[\/et_pb_text][dipl_woo_products_categories include_categories=&#8221;980,984,985,983,1177,982&#8243; number_of_columns=&#8221;6&#8243; thumbnail_size=&#8221;woocommerce_single&#8221; show_product_count=&#8221;off&#8221; category_content_bg_color=&#8221;#CD2120&#8243; number_of_columns_tablet=&#8221;3&#8243; number_of_columns_phone=&#8221;2&#8243; number_of_columns_last_edited=&#8221;on|desktop&#8221; column_spacing_tablet=&#8221;&#8221; column_spacing_phone=&#8221;4px&#8221; column_spacing_last_edited=&#8221;on|tablet&#8221; _builder_version=&#8221;4.9.2&#8243; _module_preset=&#8221;default&#8221; title_font=&#8221;||||||||&#8221; title_text_align=&#8221;right&#8221; title_text_color=&#8221;#FFFFFF&#8221; title_font_size=&#8221;15px&#8221; border_radii_category=&#8221;off|300px|300px|20px|390px&#8221; border_radii_category_tablet=&#8221;&#8221; border_radii_category_phone=&#8221;&#8221; border_radii_category_last_edited=&#8221;on|desktop&#8221; box_shadow_style_product_category=&#8221;preset1&#8243;][\/dipl_woo_products_categories][\/et_pb_column][\/et_pb_row][\/et_pb_section]<\/p>\n","protected":false},"excerpt":{"rendered":"<p>\u00bfQui\u00e9nes somos? PiesComodos es el resultado de una iniciativa que naci\u00f3 a ra\u00edz de una propuesta.Alberto S\u00e1nchez, director comercial: &#8220;El a\u00f1o 1987 fue el pistoletazo de salida para mi carrera profesional dentro del sector del calzado. Desde el a\u00f1o 1996 me dedico a representar f\u00e1bricas o siendo el \u201cbuying office\u201d de clientes de todo el [&hellip;]<\/p>\n","protected":false},"author":1,"featured_media":0,"parent":0,"menu_order":2,"comment_status":"open","ping_status":"closed","template":"","meta":{"_et_pb_use_builder":"on","_et_pb_old_content":"","_et_gb_content_width":"","_joinchat":[],"footnotes":""},"class_list":["post-4520","page","type-page","status-publish","hentry"],"yoast_head":"<!-- This site is optimized with the Yoast SEO plugin v27.4 - https:\/\/yoast.com\/product\/yoast-seo-wordpress\/ -->\n<title>Who we are - PiesComodos<\/title>\n<meta name=\"robots\" content=\"noindex, follow\" \/>\n<meta property=\"og:locale\" content=\"en_US\" \/>\n<meta property=\"og:type\" content=\"article\" \/>\n<meta property=\"og:title\" content=\"Who we are - PiesComodos\" \/>\n<meta property=\"og:description\" content=\"\u00bfQui\u00e9nes somos? PiesComodos es el resultado de una iniciativa que naci\u00f3 a ra\u00edz de una propuesta.Alberto S\u00e1nchez, director comercial: &quot;El a\u00f1o 1987 fue el pistoletazo de salida para mi carrera profesional dentro del sector del calzado. Desde el a\u00f1o 1996 me dedico a representar f\u00e1bricas o siendo el \u201cbuying office\u201d de clientes de todo el [&hellip;]\" \/>\n<meta property=\"og:url\" content=\"https:\/\/piescomodos.com\/en\/who-we-are\" \/>\n<meta property=\"og:site_name\" content=\"PiesComodos\" \/>\n<meta property=\"article:modified_time\" content=\"2021-06-03T11:24:19+00:00\" \/>\n<meta name=\"twitter:card\" content=\"summary_large_image\" \/>\n<script type=\"application\/ld+json\" class=\"yoast-schema-graph\">{\"@context\":\"https:\\\/\\\/schema.org\",\"@graph\":[{\"@type\":\"WebPage\",\"@id\":\"https:\\\/\\\/piescomodos.com\\\/en\\\/who-we-are\",\"url\":\"https:\\\/\\\/piescomodos.com\\\/en\\\/who-we-are\",\"name\":\"Who we are - PiesComodos\",\"isPartOf\":{\"@id\":\"https:\\\/\\\/piescomodos.com\\\/en\\\/#website\"},\"datePublished\":\"2021-06-03T11:02:22+00:00\",\"dateModified\":\"2021-06-03T11:24:19+00:00\",\"breadcrumb\":{\"@id\":\"https:\\\/\\\/piescomodos.com\\\/en\\\/who-we-are#breadcrumb\"},\"inLanguage\":\"en-US\",\"potentialAction\":[{\"@type\":\"ReadAction\",\"target\":[\"https:\\\/\\\/piescomodos.com\\\/en\\\/who-we-are\"]}]},{\"@type\":\"BreadcrumbList\",\"@id\":\"https:\\\/\\\/piescomodos.com\\\/en\\\/who-we-are#breadcrumb\",\"itemListElement\":[{\"@type\":\"ListItem\",\"position\":1,\"name\":\"PiesC\u00f3modos\",\"item\":\"https:\\\/\\\/piescomodos.com\\\/en\"},{\"@type\":\"ListItem\",\"position\":2,\"name\":\"Who we are\"}]},{\"@type\":\"WebSite\",\"@id\":\"https:\\\/\\\/piescomodos.com\\\/en\\\/#website\",\"url\":\"https:\\\/\\\/piescomodos.com\\\/en\\\/\",\"name\":\"PiesComodos\",\"description\":\"Tienda online de calcetines y complementos.\",\"publisher\":{\"@id\":\"https:\\\/\\\/piescomodos.com\\\/en\\\/#organization\"},\"potentialAction\":[{\"@type\":\"SearchAction\",\"target\":{\"@type\":\"EntryPoint\",\"urlTemplate\":\"https:\\\/\\\/piescomodos.com\\\/en\\\/?s={search_term_string}\"},\"query-input\":{\"@type\":\"PropertyValueSpecification\",\"valueRequired\":true,\"valueName\":\"search_term_string\"}}],\"inLanguage\":\"en-US\"},{\"@type\":\"Organization\",\"@id\":\"https:\\\/\\\/piescomodos.com\\\/en\\\/#organization\",\"name\":\"Pies C\u00f3modos\",\"url\":\"https:\\\/\\\/piescomodos.com\\\/en\\\/\",\"logo\":{\"@type\":\"ImageObject\",\"inLanguage\":\"en-US\",\"@id\":\"https:\\\/\\\/piescomodos.com\\\/en\\\/#\\\/schema\\\/logo\\\/image\\\/\",\"url\":\"https:\\\/\\\/piescomodos.com\\\/wp-content\\\/uploads\\\/2021\\\/02\\\/cropped-piescomodos-logoweb.png\",\"contentUrl\":\"https:\\\/\\\/piescomodos.com\\\/wp-content\\\/uploads\\\/2021\\\/02\\\/cropped-piescomodos-logoweb.png\",\"width\":195,\"height\":39,\"caption\":\"Pies C\u00f3modos\"},\"image\":{\"@id\":\"https:\\\/\\\/piescomodos.com\\\/en\\\/#\\\/schema\\\/logo\\\/image\\\/\"}}]}<\/script>\n<!-- \/ Yoast SEO plugin. -->","yoast_head_json":{"title":"Who we are - PiesComodos","robots":{"index":"noindex","follow":"follow"},"og_locale":"en_US","og_type":"article","og_title":"Who we are - PiesComodos","og_description":"\u00bfQui\u00e9nes somos? PiesComodos es el resultado de una iniciativa que naci\u00f3 a ra\u00edz de una propuesta.Alberto S\u00e1nchez, director comercial: \"El a\u00f1o 1987 fue el pistoletazo de salida para mi carrera profesional dentro del sector del calzado. Desde el a\u00f1o 1996 me dedico a representar f\u00e1bricas o siendo el \u201cbuying office\u201d de clientes de todo el [&hellip;]","og_url":"https:\/\/piescomodos.com\/en\/who-we-are","og_site_name":"PiesComodos","article_modified_time":"2021-06-03T11:24:19+00:00","twitter_card":"summary_large_image","schema":{"@context":"https:\/\/schema.org","@graph":[{"@type":"WebPage","@id":"https:\/\/piescomodos.com\/en\/who-we-are","url":"https:\/\/piescomodos.com\/en\/who-we-are","name":"Who we are - PiesComodos","isPartOf":{"@id":"https:\/\/piescomodos.com\/en\/#website"},"datePublished":"2021-06-03T11:02:22+00:00","dateModified":"2021-06-03T11:24:19+00:00","breadcrumb":{"@id":"https:\/\/piescomodos.com\/en\/who-we-are#breadcrumb"},"inLanguage":"en-US","potentialAction":[{"@type":"ReadAction","target":["https:\/\/piescomodos.com\/en\/who-we-are"]}]},{"@type":"BreadcrumbList","@id":"https:\/\/piescomodos.com\/en\/who-we-are#breadcrumb","itemListElement":[{"@type":"ListItem","position":1,"name":"PiesC\u00f3modos","item":"https:\/\/piescomodos.com\/en"},{"@type":"ListItem","position":2,"name":"Who we are"}]},{"@type":"WebSite","@id":"https:\/\/piescomodos.com\/en\/#website","url":"https:\/\/piescomodos.com\/en\/","name":"PiesComodos","description":"Tienda online de calcetines y complementos.","publisher":{"@id":"https:\/\/piescomodos.com\/en\/#organization"},"potentialAction":[{"@type":"SearchAction","target":{"@type":"EntryPoint","urlTemplate":"https:\/\/piescomodos.com\/en\/?s={search_term_string}"},"query-input":{"@type":"PropertyValueSpecification","valueRequired":true,"valueName":"search_term_string"}}],"inLanguage":"en-US"},{"@type":"Organization","@id":"https:\/\/piescomodos.com\/en\/#organization","name":"Pies C\u00f3modos","url":"https:\/\/piescomodos.com\/en\/","logo":{"@type":"ImageObject","inLanguage":"en-US","@id":"https:\/\/piescomodos.com\/en\/#\/schema\/logo\/image\/","url":"https:\/\/piescomodos.com\/wp-content\/uploads\/2021\/02\/cropped-piescomodos-logoweb.png","contentUrl":"https:\/\/piescomodos.com\/wp-content\/uploads\/2021\/02\/cropped-piescomodos-logoweb.png","width":195,"height":39,"caption":"Pies C\u00f3modos"},"image":{"@id":"https:\/\/piescomodos.com\/en\/#\/schema\/logo\/image\/"}}]}},"_links":{"self":[{"href":"https:\/\/piescomodos.com\/en\/wp-json\/wp\/v2\/pages\/4520","targetHints":{"allow":["GET"]}}],"collection":[{"href":"https:\/\/piescomodos.com\/en\/wp-json\/wp\/v2\/pages"}],"about":[{"href":"https:\/\/piescomodos.com\/en\/wp-json\/wp\/v2\/types\/page"}],"author":[{"embeddable":true,"href":"https:\/\/piescomodos.com\/en\/wp-json\/wp\/v2\/users\/1"}],"replies":[{"embeddable":true,"href":"https:\/\/piescomodos.com\/en\/wp-json\/wp\/v2\/comments?post=4520"}],"version-history":[{"count":0,"href":"https:\/\/piescomodos.com\/en\/wp-json\/wp\/v2\/pages\/4520\/revisions"}],"wp:attachment":[{"href":"https:\/\/piescomodos.com\/en\/wp-json\/wp\/v2\/media?parent=4520"}],"curies":[{"name":"wp","href":"https:\/\/api.w.org\/{rel}","templated":true}]}}